{"id":4465,"date":"2025-05-28T15:34:19","date_gmt":"2025-05-28T15:34:19","guid":{"rendered":"https:\/\/fer.ascend.pt\/?post_type=product&#038;p=4465"},"modified":"2026-03-09T10:59:48","modified_gmt":"2026-03-09T10:59:48","slug":"rede-de-fibra-de-vidro-2rf-ri60","status":"publish","type":"product","link":"https:\/\/fer.ascend.pt\/en\/produto\/rede-de-fibra-de-vidro-2rf-ri60\/","title":{"rendered":"Rede de Fibra de Vidro 2RF RI60"},"content":{"rendered":"<p>A Rede RI60 \u00e9 um produto produzido a partir de fios 100% fibra de vidro, cuja malha est\u00e1 impregnada com resinas, que lhe conferem boa resist\u00eancia mec\u00e2nica e elevada durabilidade. A Rede de Fibra de Vidro RI60, \u00e9 macia e flex\u00edvel, e consequentemente f\u00e1cil de incorporar em revestimentos delgados.<\/p>\n<p><strong>Aplica\u00e7\u00e3o:<\/strong><\/p>\n<p>&#8211; Aplique uma camada, incorpore a rede de fibra de vidro na totalidade do suporte;<br \/>\n&#8211; Aplique uma segunda camada e nivele;<br \/>\n&#8211; A rede deve ser completamente coberta, a estrutura da rede n\u00e3o pode ser percet\u00edvel \u00e1 superf\u00edcie;<br \/>\n&#8211; Na uni\u00e3o de dois panos de rede, estes deve sobrepor-se cerca de 10 cm.<\/p>\n<p><strong>Armazenamento:<\/strong><\/p>\n<p>&#8211; Deve ser feito em local seco, na vertical e protegido da exposi\u00e7\u00e3o solar, \u00e1 temperatura entre -10\u00b0C e 50\u00b0C.<\/p>\n<p><strong>Campos de aplica\u00e7\u00e3o:<\/strong><\/p>\n<p>A Rede de Fibra de Vidro RI60, \u00e9 especialmente indicada para refor\u00e7o de produtos do tipo \u201cBorracha L\u00edquida (impermeabiliza\u00e7\u00f5es ou pinturas) aplicados em capa fina, com, pelo menos, 2 camadas e com espessuras entre 1,5 e 3 mm. Pode ser aplicada em interior ou exterior, conferindo \u00e0 solu\u00e7\u00e3o uma maior resist\u00eancia \u00e0 fissura\u00e7\u00e3o, por via da redu\u00e7\u00e3o e redistribui\u00e7\u00e3o da concentra\u00e7\u00e3o de tens\u00f5es.<\/p>\n<p>&#8211; Impermeabiliza\u00e7\u00f5es com produtos \u201ctipo\u201d Borracha l\u00edquida;<br \/>\n&#8211; Pinturas Membrana l\u00edquida;<br \/>\n&#8211; Pinturas e impermeabiliza\u00e7\u00f5es com membrana l\u00edquida;<br \/>\n&#8211; Outras aplica\u00e7\u00f5es (confirmar a compatibilidade com o produto a aplicar).<\/p>\n<p><strong>Technical data:<\/strong><\/p>\n<p>&#8211; Rolo: 1 x 50 m<br \/>\n&#8211; Palete: 70 rolos<\/p>","protected":false},"excerpt":{"rendered":"<p>A Rede RI60 \u00e9 um produto produzido a partir de fios 100% fibra de vidro, cuja malha est\u00e1 impregnada com resinas, que lhe conferem boa resist\u00eancia mec\u00e2nica e elevada durabilidade.<\/p>","protected":false},"featured_media":8059,"comment_status":"open","ping_status":"closed","template":"","meta":{"_acf_changed":false},"product_cat":[29,98,90,15],"product_tag":[],"class_list":{"0":"post-4465","1":"product","2":"type-product","3":"status-publish","4":"has-post-thumbnail","6":"product_cat-impermeabilizacao","7":"product_cat-im-rede-fibra-vidro","8":"product_cat-rede-fibra-vidro-impermeabilizacao","9":"product_cat-redes-fibra-de-vidro","10":"pa_marcas-2rf","12":"first","13":"instock","14":"taxable","15":"shipping-taxable","16":"purchasable","17":"product-type-simple","swatches":"rey-swatches","show_selected":""},"acf":[],"_links":{"self":[{"href":"https:\/\/fer.ascend.pt\/en\/wp-json\/wp\/v2\/product\/4465","targetHints":{"allow":["GET"]}}],"collection":[{"href":"https:\/\/fer.ascend.pt\/en\/wp-json\/wp\/v2\/product"}],"about":[{"href":"https:\/\/fer.ascend.pt\/en\/wp-json\/wp\/v2\/types\/product"}],"replies":[{"embeddable":true,"href":"https:\/\/fer.ascend.pt\/en\/wp-json\/wp\/v2\/comments?post=4465"}],"wp:featuredmedia":[{"embeddable":true,"href":"https:\/\/fer.ascend.pt\/en\/wp-json\/wp\/v2\/media\/8059"}],"wp:attachment":[{"href":"https:\/\/fer.ascend.pt\/en\/wp-json\/wp\/v2\/media?parent=4465"}],"wp:term":[{"taxonomy":"product_cat","embeddable":true,"href":"https:\/\/fer.ascend.pt\/en\/wp-json\/wp\/v2\/product_cat?post=4465"},{"taxonomy":"product_tag","embeddable":true,"href":"https:\/\/fer.ascend.pt\/en\/wp-json\/wp\/v2\/product_tag?post=4465"}],"curies":[{"name":"wp","href":"https:\/\/api.w.org\/{rel}","templated":true}]}}