{"id":3833,"date":"2025-05-22T17:51:18","date_gmt":"2025-05-22T17:51:18","guid":{"rendered":"https:\/\/fer.ascend.pt\/?post_type=product&#038;p=3833"},"modified":"2025-10-29T15:59:41","modified_gmt":"2025-10-29T15:59:41","slug":"loofah-with-sponge","status":"publish","type":"product","link":"https:\/\/fer.ascend.pt\/en\/produto\/talocha-com-esponja\/","title":{"rendered":"Trowel with sponge"},"content":{"rendered":"<p>A talocha com esponja, \u00e9 composta por uma al\u00e7a ergon\u00f3micamente perfilada. A talocha \u00e9 projetada para gessos molhados.<\/p>\n<p><strong>Advantages:<\/strong><\/p>\n<p>&#8211; Esponja de alta qualidade;<br \/>\n&#8211; Pega ergon\u00f3mica;<br \/>\n&#8211; Resistente.<\/p>\n<p><strong>Campos de aplica\u00e7\u00e3o:<\/strong><\/p>\n<p>&#8211; Acabamento de rebocos e gessos;<br \/>\n&#8211; Limpeza de superf\u00edcies;<br \/>\n&#8211; Trabalhos em superf\u00edcies delicadas;<br \/>\n&#8211; Trabalhos em altura.<\/p>\n<p><strong>Technical data:<\/strong><\/p>\n<p>&#8211; Dimens\u00e3o: 280 x 140 mm;<br \/>\n&#8211; Espessura da esponja: 8, 15, 18 mm.<\/p>","protected":false},"excerpt":{"rendered":"<p>The spatula with sponge comprises an ergonomically profiled handle.<\/p>","protected":false},"featured_media":5858,"comment_status":"open","ping_status":"closed","template":"","meta":{"_acf_changed":false},"product_cat":[26,58,70,128],"product_tag":[],"class_list":{"0":"post-3833","1":"product","2":"type-product","3":"status-publish","4":"has-post-thumbnail","6":"product_cat-colagem-de-ceramica","7":"product_cat-ferramentas-geral","8":"product_cat-cc-talochas-de-esponja-e-betumacao","9":"product_cat-fg-talochas-betumacao","10":"pa_marcas-instar","12":"first","13":"instock","14":"taxable","15":"shipping-taxable","16":"purchasable","17":"product-type-variable","swatches":"rey-swatches","show_selected":""},"acf":[],"_links":{"self":[{"href":"https:\/\/fer.ascend.pt\/en\/wp-json\/wp\/v2\/product\/3833","targetHints":{"allow":["GET"]}}],"collection":[{"href":"https:\/\/fer.ascend.pt\/en\/wp-json\/wp\/v2\/product"}],"about":[{"href":"https:\/\/fer.ascend.pt\/en\/wp-json\/wp\/v2\/types\/product"}],"replies":[{"embeddable":true,"href":"https:\/\/fer.ascend.pt\/en\/wp-json\/wp\/v2\/comments?post=3833"}],"wp:featuredmedia":[{"embeddable":true,"href":"https:\/\/fer.ascend.pt\/en\/wp-json\/wp\/v2\/media\/5858"}],"wp:attachment":[{"href":"https:\/\/fer.ascend.pt\/en\/wp-json\/wp\/v2\/media?parent=3833"}],"wp:term":[{"taxonomy":"product_cat","embeddable":true,"href":"https:\/\/fer.ascend.pt\/en\/wp-json\/wp\/v2\/product_cat?post=3833"},{"taxonomy":"product_tag","embeddable":true,"href":"https:\/\/fer.ascend.pt\/en\/wp-json\/wp\/v2\/product_tag?post=3833"}],"curies":[{"name":"wp","href":"https:\/\/api.w.org\/{rel}","templated":true}]}}