{"id":3041,"date":"2025-05-14T11:28:37","date_gmt":"2025-05-14T11:28:37","guid":{"rendered":"https:\/\/fer.ascend.pt\/?post_type=product&#038;p=3041"},"modified":"2025-10-23T16:38:39","modified_gmt":"2025-10-23T16:38:39","slug":"licosa-kubala-linha-master","status":"publish","type":"product","link":"https:\/\/fer.ascend.pt\/en\/produto\/licosa-kubala-linha-master\/","title":{"rendered":"Li\u00e7osa KUBALA MASTER LINE"},"content":{"rendered":"<p>A esp\u00e1tula Kubala LINHA MASTER \u00e9 utilizada para a uni\u00e3o de placas de gesso cartonado. A esp\u00e1tula contem uma parte c\u00f4ncava com contornos especiais, com o recorte adequado, que permite eliminar completamente qualquer derrame para al\u00e9m da superf\u00edcie definida. A parte convexa \u00e9 utilizada para a coloca\u00e7\u00e3o das fitas de refor\u00e7o \u00e0 profundidade recomendada. A utiliza\u00e7\u00e3o da Kubala LINHA MASTER elimina os erros habitualmente cometidos durante o tratamento das juntas de gesso cartonado. Esta ferramenta \u00e9 meticulosamente selecionada e aperfei\u00e7oada para artes\u00e3os exigentes. Com um cabo macio e ergon\u00f3mico e um p\u00e9 em alum\u00ednio garante uma maior rigidez e equil\u00edbrio da pe\u00e7a de trabalho.<\/p>\n<p><strong>Fields of Application<\/strong><\/p>\n<p>&#8211; Aplica\u00e7\u00e3o de gesso;<br \/>\n&#8211; Aplica\u00e7\u00e3o de massas (corrida, acr\u00edlica, etc.);<br \/>\n&#8211; Alisamento de superf\u00edcies;<br \/>\n&#8211; Espalhamento de argamassas finas;<br \/>\n&#8211; Acabamento de rebocos e paredes.<\/p>\n<p><strong>Technical data:<\/strong><\/p>\n<p>&#8211; L\u00e2mina em a\u00e7o inoxid\u00e1vel resistente a a\u00e7os;<br \/>\n&#8211; Espessura 1 mm.<br \/>\n&#8211; Dimens\u00e3o 130 x 350 mm, 405&#215;80 mm<\/p>","protected":false},"excerpt":{"rendered":"<p>A li\u00e7osa em a\u00e7o inoxid\u00e1vel \u00e9 utilizada para trabalhos de acabamento com a utiliza\u00e7\u00e3o de todos os tipos de massa.<\/p>","protected":false},"featured_media":5263,"comment_status":"open","ping_status":"closed","template":"","meta":{"_acf_changed":false},"product_cat":[25,58,131,136,64,79,126,27],"product_tag":[],"class_list":{"0":"post-3041","1":"product","2":"type-product","3":"status-publish","4":"has-post-thumbnail","6":"product_cat-etics-capoto","7":"product_cat-ferramentas-geral","8":"product_cat-fg-ferramentas-gesso-cartonado","9":"product_cat-fg-ferramentas-gesso-e-reboco","10":"product_cat-ec-licosas-e-espatulas","11":"product_cat-pg-licosas-e-espatulas","12":"product_cat-fg-licosas-e-espatulas","13":"product_cat-placa-de-gesso","14":"pa_marcas-kubala","16":"first","17":"instock","18":"taxable","19":"shipping-taxable","20":"product-type-variable","swatches":"rey-swatches","show_selected":""},"acf":[],"_links":{"self":[{"href":"https:\/\/fer.ascend.pt\/en\/wp-json\/wp\/v2\/product\/3041","targetHints":{"allow":["GET"]}}],"collection":[{"href":"https:\/\/fer.ascend.pt\/en\/wp-json\/wp\/v2\/product"}],"about":[{"href":"https:\/\/fer.ascend.pt\/en\/wp-json\/wp\/v2\/types\/product"}],"replies":[{"embeddable":true,"href":"https:\/\/fer.ascend.pt\/en\/wp-json\/wp\/v2\/comments?post=3041"}],"wp:featuredmedia":[{"embeddable":true,"href":"https:\/\/fer.ascend.pt\/en\/wp-json\/wp\/v2\/media\/5263"}],"wp:attachment":[{"href":"https:\/\/fer.ascend.pt\/en\/wp-json\/wp\/v2\/media?parent=3041"}],"wp:term":[{"taxonomy":"product_cat","embeddable":true,"href":"https:\/\/fer.ascend.pt\/en\/wp-json\/wp\/v2\/product_cat?post=3041"},{"taxonomy":"product_tag","embeddable":true,"href":"https:\/\/fer.ascend.pt\/en\/wp-json\/wp\/v2\/product_tag?post=3041"}],"curies":[{"name":"wp","href":"https:\/\/api.w.org\/{rel}","templated":true}]}}