{"id":3023,"date":"2025-05-14T10:40:44","date_gmt":"2025-05-14T10:40:44","guid":{"rendered":"https:\/\/fer.ascend.pt\/?post_type=product&#038;p=3023"},"modified":"2025-10-23T17:02:05","modified_gmt":"2025-10-23T17:02:05","slug":"espatula-em-aco-inoxidavel-kubala-linha-master","status":"publish","type":"product","link":"https:\/\/fer.ascend.pt\/en\/produto\/espatula-em-aco-inoxidavel-kubala-linha-master\/","title":{"rendered":"Esp\u00e1tula em a\u00e7o inoxid\u00e1vel KUBALA LINHA MASTER"},"content":{"rendered":"<p>A esp\u00e1tula em a\u00e7o inoxid\u00e1vel \u00e9 utilizada para trabalhos de acabamento com a utiliza\u00e7\u00e3o de todos os tipos de massa. Com a sua lamina em a\u00e7o inoxid\u00e1vel resistente a \u00e1cidos, c\u00f3nica, retificada e polida a elevada elasticidade do bordo da esp\u00e1tula, permite espalhar uma camada muito fina de massa.<\/p>\n<p><strong>Fields of Application<\/strong><\/p>\n<p>&#8211; Raspagem;<br \/>\n&#8211; Aplica\u00e7\u00e3o de gesso;<br \/>\n&#8211; Aplica\u00e7\u00e3o de massa corrida;<br \/>\n&#8211; Aplica\u00e7\u00e3o de massas de textura.<\/p>\n<p><strong>Technical data:<\/strong><\/p>\n<p>&#8211; Dimens\u00e3o 150 mm<\/p>","protected":false},"excerpt":{"rendered":"<p>A esp\u00e1tula em a\u00e7o inoxid\u00e1vel \u00e9 utilizada para trabalhos de acabamento\u00a0 na utiliza\u00e7\u00e3o de todos os tipos de massa.<\/p>","protected":false},"featured_media":5242,"comment_status":"open","ping_status":"closed","template":"","meta":{"_acf_changed":false},"product_cat":[25,58,131,77,136,64,79,126,27],"product_tag":[],"class_list":{"0":"post-3023","1":"product","2":"type-product","3":"status-publish","4":"has-post-thumbnail","6":"product_cat-etics-capoto","7":"product_cat-ferramentas-geral","8":"product_cat-fg-ferramentas-gesso-cartonado","9":"product_cat-pg-ferramentas-gesso-cartonado","10":"product_cat-fg-ferramentas-gesso-e-reboco","11":"product_cat-ec-licosas-e-espatulas","12":"product_cat-pg-licosas-e-espatulas","13":"product_cat-fg-licosas-e-espatulas","14":"product_cat-placa-de-gesso","15":"pa_marcas-kubala","17":"first","18":"instock","19":"taxable","20":"shipping-taxable","21":"purchasable","22":"product-type-simple","swatches":"rey-swatches","show_selected":""},"acf":[],"_links":{"self":[{"href":"https:\/\/fer.ascend.pt\/en\/wp-json\/wp\/v2\/product\/3023","targetHints":{"allow":["GET"]}}],"collection":[{"href":"https:\/\/fer.ascend.pt\/en\/wp-json\/wp\/v2\/product"}],"about":[{"href":"https:\/\/fer.ascend.pt\/en\/wp-json\/wp\/v2\/types\/product"}],"replies":[{"embeddable":true,"href":"https:\/\/fer.ascend.pt\/en\/wp-json\/wp\/v2\/comments?post=3023"}],"wp:featuredmedia":[{"embeddable":true,"href":"https:\/\/fer.ascend.pt\/en\/wp-json\/wp\/v2\/media\/5242"}],"wp:attachment":[{"href":"https:\/\/fer.ascend.pt\/en\/wp-json\/wp\/v2\/media?parent=3023"}],"wp:term":[{"taxonomy":"product_cat","embeddable":true,"href":"https:\/\/fer.ascend.pt\/en\/wp-json\/wp\/v2\/product_cat?post=3023"},{"taxonomy":"product_tag","embeddable":true,"href":"https:\/\/fer.ascend.pt\/en\/wp-json\/wp\/v2\/product_tag?post=3023"}],"curies":[{"name":"wp","href":"https:\/\/api.w.org\/{rel}","templated":true}]}}