{"id":2734,"date":"2025-05-12T10:38:05","date_gmt":"2025-05-12T10:38:05","guid":{"rendered":"https:\/\/fer.ascend.pt\/?post_type=product&#038;p=2734"},"modified":"2025-07-07T16:17:21","modified_gmt":"2025-07-07T16:17:21","slug":"collomix-kr-mixing-paddle","status":"publish","type":"product","link":"https:\/\/fer.ascend.pt\/en\/produto\/vareta-de-mistura-collomix-kr\/","title":{"rendered":"Collomix KR mixing paddle"},"content":{"rendered":"<p>A vareta de mistura KR gera for\u00e7as de corte elevadas para um efeito poderoso e para evitar a forma\u00e7\u00e3o de grumos. A vareta de mistura KR \u00e9 f\u00e1cil de limpar, porque o material n\u00e3o adere \u00e0 vareta.<\/p>\n<p>Tipos de substratos nos quais a vareta de mistura Collomix KR pode ser utilizada:<\/p>\n<p><img decoding=\"async\" class=\"alignnone size-medium wp-image-2741\" src=\"https:\/\/fer.ascend.pt\/wp-content\/uploads\/2025\/05\/Captura-de-Tela-2025-05-12-as-12.10.05-300x53.png\" alt=\"\" width=\"300\" height=\"53\" title=\"\" srcset=\"https:\/\/fer.ascend.pt\/wp-content\/uploads\/2025\/05\/Captura-de-Tela-2025-05-12-as-12.10.05-300x53.png 300w, https:\/\/fer.ascend.pt\/wp-content\/uploads\/2025\/05\/Captura-de-Tela-2025-05-12-as-12.10.05-18x3.png 18w, https:\/\/fer.ascend.pt\/wp-content\/uploads\/2025\/05\/Captura-de-Tela-2025-05-12-as-12.10.05.png 520w\" sizes=\"(max-width: 300px) 100vw, 300px\" \/><\/p>\n<p>A. Adesivo para tijolos e Argamassa adesiva;<br \/>\nB. Argamassas adesivas;<br \/>\nC. Massa de bet\u00e3o;<br \/>\nD. Alisador.<\/p>\n<p><strong>Advantages:<\/strong><\/p>\n<p>&#8211; A\u00e7\u00e3o de mistura;<br \/>\n&#8211; Mistura potente;<br \/>\n&#8211; Protegido;<br \/>\n&#8211; Acoplamento r\u00e1pido HEXAFIX;<br \/>\n&#8211; Resistente em materiais cremosos macios ou tipo mel.<\/p>\n<p><strong>Technical data:<\/strong><\/p>\n<style> table.tabela-compacta { font-size: 12px; border-collapse: collapse; width: 30%; } table.tabela-compacta th, table.tabela-compacta td { border: 1px solid #999; padding: 4px 8px; text-align: center; } table.tabela-compacta th { background-color: #f2f2f2; } <\/style>\n<style>\n  .tabela-compacta {<br \/>    font-size: 12px;<br \/>    border-collapse: collapse;<br \/>    width: 30%; \/* reduzido para encurtar visualmente *\/<br \/>    margin: 0 auto; \/* centraliza no ecr\u00e3 *\/<br \/>    table-layout: fixed;<br \/>  }<br \/>  .tabela-compacta th, .tabela-compacta td {<br \/>    border: 1px solid #999;<br \/>    padding: 4px 6px;<br \/>    text-align: center;<br \/>    word-wrap: break-word;<br \/>  }<br \/>  .tabela-compacta th {<br \/>    background-color: #f2f2f2;<br \/>  }<br \/><\/style>\n<table class=\"tabela-compacta\" style=\"color: var(--body-color); font-family: var(--body-font-family),sans-serif; background-color: var(--body-bg-color);\">\n<thead>\n<tr>\n<th>C\u00f3digo<\/th>\n<th>Conex\u00e3o<\/th>\n<th>Quant.\/ Mistura<\/th>\n<th>\u00d8*\u00b9<\/th>\n<\/tr>\n<\/thead>\n<tbody>\n<tr>\n<td>KR 140 H<\/td>\n<td>HF<\/td>\n<td>25-35 kg<\/td>\n<td>140<\/td>\n<\/tr>\n<tr>\n<td>KR 140 M<\/td>\n<td>M14<\/td>\n<td>25-35 kg<\/td>\n<td>140<\/td>\n<\/tr>\n<tr>\n<td>KR 160 M<\/td>\n<td>M14<\/td>\n<td>35-50 kg<\/td>\n<td>160<\/td>\n<\/tr>\n<tr>\n<td>KR 120 H<\/td>\n<td>HF<\/td>\n<td>25-50 kg<\/td>\n<td>160<\/td>\n<\/tr>\n<tr>\n<td><\/td>\n<td><\/td>\n<td><\/td>\n<td><\/td>\n<\/tr>\n<\/tbody>\n<\/table>\n<p>* Macho<br \/>\n*\u00b9 Unidades em mm<\/p>","protected":false},"excerpt":{"rendered":"<p>The KR mixing paddle generates high shear forces for a powerful effect and to prevent lumps from forming.<\/p>","protected":false},"featured_media":5205,"comment_status":"open","ping_status":"closed","template":"","meta":{"_acf_changed":false},"product_cat":[58,113,134],"product_tag":[],"class_list":{"0":"post-2734","1":"product","2":"type-product","3":"status-publish","4":"has-post-thumbnail","6":"product_cat-ferramentas-geral","7":"product_cat-ma-varetas-de-mistura","8":"product_cat-fg-varetas-de-mistura","9":"pa_marcas-collomix","11":"first","12":"instock","13":"taxable","14":"shipping-taxable","15":"purchasable","16":"product-type-variable","swatches":"rey-swatches","show_selected":""},"acf":[],"_links":{"self":[{"href":"https:\/\/fer.ascend.pt\/en\/wp-json\/wp\/v2\/product\/2734","targetHints":{"allow":["GET"]}}],"collection":[{"href":"https:\/\/fer.ascend.pt\/en\/wp-json\/wp\/v2\/product"}],"about":[{"href":"https:\/\/fer.ascend.pt\/en\/wp-json\/wp\/v2\/types\/product"}],"replies":[{"embeddable":true,"href":"https:\/\/fer.ascend.pt\/en\/wp-json\/wp\/v2\/comments?post=2734"}],"wp:featuredmedia":[{"embeddable":true,"href":"https:\/\/fer.ascend.pt\/en\/wp-json\/wp\/v2\/media\/5205"}],"wp:attachment":[{"href":"https:\/\/fer.ascend.pt\/en\/wp-json\/wp\/v2\/media?parent=2734"}],"wp:term":[{"taxonomy":"product_cat","embeddable":true,"href":"https:\/\/fer.ascend.pt\/en\/wp-json\/wp\/v2\/product_cat?post=2734"},{"taxonomy":"product_tag","embeddable":true,"href":"https:\/\/fer.ascend.pt\/en\/wp-json\/wp\/v2\/product_tag?post=2734"}],"curies":[{"name":"wp","href":"https:\/\/api.w.org\/{rel}","templated":true}]}}